{"id":97,"date":"2025-03-14T22:27:05","date_gmt":"2025-03-14T22:27:05","guid":{"rendered":"https:\/\/airlabstudio.cc\/?post_type=product&#038;p=97"},"modified":"2025-03-14T22:27:05","modified_gmt":"2025-03-14T22:27:05","slug":"airlab-kinderkuche-kaffeemaschine-kinder-holz","status":"publish","type":"product","link":"https:\/\/airlabstudio.cc\/index.php\/product\/airlab-kinderkuche-kaffeemaschine-kinder-holz\/","title":{"rendered":"Airlab Kinderk\u00fcche Kaffeemaschine Kinder Holz"},"content":{"rendered":"<ul class=\"a-unordered-list a-vertical a-spacing-mini\">\n<li class=\"a-spacing-mini\"><span class=\"a-list-item\">KAFFEEMASCHINE KINDER HOLZ: Mach jetzt milden Kaffee f\u00fcr Ihre Freunde mit Airlab Kaffeemaschine Spielset! Das spa\u00dfige K\u00fcchenger\u00e4t enth\u00e4lt reichhaltige Zubeh\u00f6rteile wie z.B. Kaffeemaschine*1, Kaffeepads*4, Milch*1, R\u00fchrl\u00f6ffel*2, Tasse*2, Untertasse*2. Ob eine Brotkombi zum Fr\u00fchst\u00fcck oder eine Dessertkombi zum Kaffeeservice, diese Espressomaschine ist auf jeden Fall ein wunderbares K\u00fcchenspielzeug<\/span><\/li>\n<li class=\"a-spacing-mini\"><span class=\"a-list-item\">SICHERHEIT &amp; QUALIT\u00c4T: Das Kaffeeset von Airlab besteht aus erstklassigem Naturholz mit einem Lack auf sicherem, ungiftigem Wasserbasis. Dieses BPA-freie Kaffeespielzeug ist EN71-zertifiziert und alle Holzteile sind sturzsicher und sehr stabil. Zum Schutz der zarten Kinderh\u00e4nde ist das Kinderspielzeug fein poliert in erstklassiger Qualit\u00e4t<\/span><\/li>\n<li class=\"a-spacing-mini\"><span class=\"a-list-item\">MODERNES DESIGN: Aus der Liebe zum Kaffee sind Kaffeemaschinen zu einem essentiellen K\u00fcchenger\u00e4t in fast jedem Haus geworden. Die Airlab-Kaffeemaschine verbindet die Elemente der Espressomaschine mit realistischen Tasten, was den Kleinen endlosen Spa\u00df bringt. Au\u00dferdem vervollst\u00e4ndigen Milch und andere Teile das ganze Rollenspielerlebnis<\/span><\/li>\n<\/ul>\n","protected":false},"excerpt":{"rendered":"<p>KAFFEEMASCHINE KINDER HOLZ: Mach jetzt milden Kaffee f\u00fcr Ihre Freunde mit Airlab Kaffeemaschine Spielset! Das spa\u00dfige K\u00fcchenger\u00e4t enth\u00e4lt reichhaltige Zubeh\u00f6rteile wie z.B. Kaffeemaschine*1, Kaffeepads*4, Milch*1, R\u00fchrl\u00f6ffel*2, Tasse*2, Untertasse*2. Ob eine Brotkombi zum Fr\u00fchst\u00fcck oder eine Dessertkombi zum Kaffeeservice, diese Espressomaschine ist auf jeden Fall ein wunderbares K\u00fcchenspielzeug SICHERHEIT &amp; QUALIT\u00c4T: Das Kaffeeset von Airlab besteht [&hellip;]<\/p>\n","protected":false},"featured_media":98,"comment_status":"open","ping_status":"closed","template":"","meta":[],"product_brand":[20],"product_cat":[19],"product_tag":[],"class_list":{"0":"post-97","1":"product","2":"type-product","3":"status-publish","4":"has-post-thumbnail","6":"product_brand-airlab","7":"product_cat-toys","9":"first","10":"instock","11":"shipping-taxable","12":"purchasable","13":"product-type-simple"},"_links":{"self":[{"href":"https:\/\/airlabstudio.cc\/index.php\/wp-json\/wp\/v2\/product\/97","targetHints":{"allow":["GET"]}}],"collection":[{"href":"https:\/\/airlabstudio.cc\/index.php\/wp-json\/wp\/v2\/product"}],"about":[{"href":"https:\/\/airlabstudio.cc\/index.php\/wp-json\/wp\/v2\/types\/product"}],"replies":[{"embeddable":true,"href":"https:\/\/airlabstudio.cc\/index.php\/wp-json\/wp\/v2\/comments?post=97"}],"wp:featuredmedia":[{"embeddable":true,"href":"https:\/\/airlabstudio.cc\/index.php\/wp-json\/wp\/v2\/media\/98"}],"wp:attachment":[{"href":"https:\/\/airlabstudio.cc\/index.php\/wp-json\/wp\/v2\/media?parent=97"}],"wp:term":[{"taxonomy":"product_brand","embeddable":true,"href":"https:\/\/airlabstudio.cc\/index.php\/wp-json\/wp\/v2\/product_brand?post=97"},{"taxonomy":"product_cat","embeddable":true,"href":"https:\/\/airlabstudio.cc\/index.php\/wp-json\/wp\/v2\/product_cat?post=97"},{"taxonomy":"product_tag","embeddable":true,"href":"https:\/\/airlabstudio.cc\/index.php\/wp-json\/wp\/v2\/product_tag?post=97"}],"curies":[{"name":"wp","href":"https:\/\/api.w.org\/{rel}","templated":true}]}}