{"id":94,"date":"2025-03-14T22:20:44","date_gmt":"2025-03-14T22:20:44","guid":{"rendered":"https:\/\/airlabstudio.cc\/?post_type=product&#038;p=94"},"modified":"2025-03-14T22:20:44","modified_gmt":"2025-03-14T22:20:44","slug":"airlab-brot-set-kinderkuche-spielkuche-zubehor-aus-holz","status":"publish","type":"product","link":"https:\/\/airlabstudio.cc\/index.php\/product\/airlab-brot-set-kinderkuche-spielkuche-zubehor-aus-holz\/","title":{"rendered":"Airlab Brot Set Kinderk\u00fcche Spielk\u00fcche Zubeh\u00f6r aus Holz"},"content":{"rendered":"<ul class=\"a-unordered-list a-vertical a-spacing-mini\">\n<li class=\"a-spacing-mini\"><span class=\"a-list-item\">KINDERK\u00dcCHE ZUBEH\u00d6R HOLZ: Willkommen in der leckeren B\u00e4ckerei! Airlab Spielk\u00fcche Brotschneiden Spielzeug bereitet liebevoll eine Vielfalt von Brotsorten f\u00fcr die kleinen Kunden vor, d.h. Brioche, Croissant, Bagel, Brezel, Baguette. Probiere ein delikates Brot zur Fr\u00fchst\u00fcckszeit, wobei sich die kleinen K\u00f6che durch die Zubereitung von leckerem Brot in das Fr\u00fchst\u00fcck verlieben<\/span><\/li>\n<li class=\"a-spacing-mini\"><span class=\"a-list-item\">SICHERHEIT &amp; QUALIT\u00c4T: Das nach EN71 zertifizierte Airlab Kinderk\u00fcche Brot Holz ist aus biologischem Buchenholz mit schadstofffreien Farbstoffen auf Wasserbasis gefertigt. Alle Holzteile sind fein poliert, um die empfindlichen Kinderh\u00e4nde zu sch\u00fctzen, sehr robust und langlebig<\/span><\/li>\n<li class=\"a-spacing-mini\"><span class=\"a-list-item\">TRAGBARES SCHNEIDESET: Kommt mit einer hochwertigen Einkaufstasche Rollenspiel Brotset von Airlab ist sehr tragbar. Verkauft als Lebensmittel f\u00fcr Kaufladen, werden kleine G\u00e4ste vielfach Brot nach dem Schneiden in der Aufbewahrungstasche, um eine wirklich tragbare Reisen zu erreichen. Im Vergleich zum Einkaufskorb sind weiche Einkaufstaschen praktischer und unterst\u00fctzen die Ordnung in beliebigen Formen<\/span><\/li>\n<li class=\"a-spacing-mini\"><span class=\"a-list-item\">F\u00d6RDERUNG DER GESCHICKLICHKEIT: Die Kinder verwandeln sich in kleine K\u00f6che und bereiten ein k\u00f6stliches Brot f\u00fcr ihre Familie und Freunde zum Fr\u00fchst\u00fcck zu! Durch das Aufteilen des Brotes in gleich gro\u00dfe Portionen \u00fcben die M\u00e4use ihre Geschicklichkeit beim Schneiden und verbessern durch die Interaktion ihre Sozialf\u00e4higkeit, Feinmotorik und Hand-Auge-Koordination<\/span><\/li>\n<li class=\"a-spacing-mini\"><span class=\"a-list-item\">TOLLES GESCHENK F\u00dcR KINDER: Airlab K\u00fcchenspielzeug ist sch\u00f6n verpackt mit Farbwiedergabe von echtem Brot. Das B\u00e4ckerei Brot Spielzeug mit hochwertigen Materialien und realistischem Aussehen wird zum Liebling der Kleinen. Ein zertifiziertes Holzspielzeug f\u00fcr K\u00fcche erm\u00f6glicht Kindern ein bedenkenloses Umfeld zum Spielen, perfekt f\u00fcr Geburtstags-\/Weihnachts-\/Feriengeschenke<\/span><\/li>\n<\/ul>\n","protected":false},"excerpt":{"rendered":"<p>KINDERK\u00dcCHE ZUBEH\u00d6R HOLZ: Willkommen in der leckeren B\u00e4ckerei! Airlab Spielk\u00fcche Brotschneiden Spielzeug bereitet liebevoll eine Vielfalt von Brotsorten f\u00fcr die kleinen Kunden vor, d.h. Brioche, Croissant, Bagel, Brezel, Baguette. Probiere ein delikates Brot zur Fr\u00fchst\u00fcckszeit, wobei sich die kleinen K\u00f6che durch die Zubereitung von leckerem Brot in das Fr\u00fchst\u00fcck verlieben SICHERHEIT &amp; QUALIT\u00c4T: Das nach [&hellip;]<\/p>\n","protected":false},"featured_media":91,"comment_status":"open","ping_status":"closed","template":"","meta":[],"product_brand":[20],"product_cat":[19],"product_tag":[],"class_list":{"0":"post-94","1":"product","2":"type-product","3":"status-publish","4":"has-post-thumbnail","6":"product_brand-airlab","7":"product_cat-toys","9":"first","10":"instock","11":"shipping-taxable","12":"purchasable","13":"product-type-simple"},"_links":{"self":[{"href":"https:\/\/airlabstudio.cc\/index.php\/wp-json\/wp\/v2\/product\/94","targetHints":{"allow":["GET"]}}],"collection":[{"href":"https:\/\/airlabstudio.cc\/index.php\/wp-json\/wp\/v2\/product"}],"about":[{"href":"https:\/\/airlabstudio.cc\/index.php\/wp-json\/wp\/v2\/types\/product"}],"replies":[{"embeddable":true,"href":"https:\/\/airlabstudio.cc\/index.php\/wp-json\/wp\/v2\/comments?post=94"}],"wp:featuredmedia":[{"embeddable":true,"href":"https:\/\/airlabstudio.cc\/index.php\/wp-json\/wp\/v2\/media\/91"}],"wp:attachment":[{"href":"https:\/\/airlabstudio.cc\/index.php\/wp-json\/wp\/v2\/media?parent=94"}],"wp:term":[{"taxonomy":"product_brand","embeddable":true,"href":"https:\/\/airlabstudio.cc\/index.php\/wp-json\/wp\/v2\/product_brand?post=94"},{"taxonomy":"product_cat","embeddable":true,"href":"https:\/\/airlabstudio.cc\/index.php\/wp-json\/wp\/v2\/product_cat?post=94"},{"taxonomy":"product_tag","embeddable":true,"href":"https:\/\/airlabstudio.cc\/index.php\/wp-json\/wp\/v2\/product_tag?post=94"}],"curies":[{"name":"wp","href":"https:\/\/api.w.org\/{rel}","templated":true}]}}