{"id":76,"date":"2025-03-14T21:33:39","date_gmt":"2025-03-14T21:33:39","guid":{"rendered":"https:\/\/airlabstudio.cc\/?post_type=product&#038;p=76"},"modified":"2025-03-14T21:33:39","modified_gmt":"2025-03-14T21:33:39","slug":"airlab-kinderkuche-spielkuche-zubehor-aus-holz-kuchenspielzeug-schneiden-obst","status":"publish","type":"product","link":"https:\/\/airlabstudio.cc\/index.php\/product\/airlab-kinderkuche-spielkuche-zubehor-aus-holz-kuchenspielzeug-schneiden-obst\/","title":{"rendered":"Airlab Kinderk\u00fcche Spielk\u00fcche Zubeh\u00f6r aus Holz, K\u00fcchenspielzeug Schneiden Obst"},"content":{"rendered":"","protected":false},"excerpt":{"rendered":"<ul class=\"a-unordered-list a-vertical a-spacing-mini\">\n<li class=\"a-spacing-mini\"><span class=\"a-list-item\">SICHERHEIT: Das Airlab K\u00fcchenspielzeug entspricht den EN 71 Sicherheitsnorm. Alle Spielzeuge wurden aus haltbaren und hochwertigem Holz hergestellt und mit einem Klettpunkt verbunden. Die runde Kantengestaltung sch\u00fctzt die H\u00e4nde Ihrer Kinder<\/span><\/li>\n<li class=\"a-spacing-mini\"><span class=\"a-list-item\">TOLLES SPIELK\u00dcCHEN ZUBEH\u00d6R: Das Obst zum Schneiden ist ein sch\u00f6nes Spielk\u00fcchen Zubeh\u00f6r, das f\u00fcr kreative Rollenspiele sorgt. Egal, ob die Kinder f\u00fcr die Kuscheltiere kochen oder gemeinsam mit Freunden neue Rezepte ausprobieren, der Fantasie sind keine Grenzen gesetzt<\/span><\/li>\n<li class=\"a-spacing-mini\"><span class=\"a-list-item\">EINE SINNVOLLE BESCH\u00c4FTIGUNG: Sinnvolle Besch\u00e4ftigung f\u00fcr den Nachwuchs wird mit dem Holz-Schneideset von AIRLAB geboten. Das Holz-Set besteht aus 1 Holzkiste, 1 Messer und 7 Obstsorten, die hierbei aus je 2 H\u00e4lften bestehen. Apfel, Orange, Birne, Banane, Zitrone, Pflaume und Kiwi verf\u00fcgen jeweils \u00fcber eine Klett-Applikation, wodurch ein erster Umgang mit dem Messer simuliert wird<\/span><\/li>\n<li class=\"a-spacing-mini\"><span class=\"a-list-item\">F\u00d6RDERUNG DER KOORDINATION: Diese farbenfrohen K\u00fcchenspielzeuge f\u00f6rdern die Motorik, Kreativit\u00e4t und Denkf\u00e4higkeit des Kindes, trainieren die Hand-Auge-Koordination und die Handflexibilit\u00e4t durch die eigene Bedienung. Tolles Rollenspiel-Spielzeug f\u00fcr Kinder<\/span><\/li>\n<li class=\"a-spacing-mini\"><span class=\"a-list-item\">WARNHINWEISE: Achtung! Kinder unter drei Jahren sollten unter Aufsicht von Erwachsenen verwendet werden<\/span><\/li>\n<\/ul>\n","protected":false},"featured_media":82,"comment_status":"open","ping_status":"closed","template":"","meta":[],"product_brand":[20],"product_cat":[19],"product_tag":[],"class_list":{"0":"post-76","1":"product","2":"type-product","3":"status-publish","4":"has-post-thumbnail","6":"product_brand-airlab","7":"product_cat-toys","9":"first","10":"instock","11":"shipping-taxable","12":"purchasable","13":"product-type-simple"},"_links":{"self":[{"href":"https:\/\/airlabstudio.cc\/index.php\/wp-json\/wp\/v2\/product\/76","targetHints":{"allow":["GET"]}}],"collection":[{"href":"https:\/\/airlabstudio.cc\/index.php\/wp-json\/wp\/v2\/product"}],"about":[{"href":"https:\/\/airlabstudio.cc\/index.php\/wp-json\/wp\/v2\/types\/product"}],"replies":[{"embeddable":true,"href":"https:\/\/airlabstudio.cc\/index.php\/wp-json\/wp\/v2\/comments?post=76"}],"wp:featuredmedia":[{"embeddable":true,"href":"https:\/\/airlabstudio.cc\/index.php\/wp-json\/wp\/v2\/media\/82"}],"wp:attachment":[{"href":"https:\/\/airlabstudio.cc\/index.php\/wp-json\/wp\/v2\/media?parent=76"}],"wp:term":[{"taxonomy":"product_brand","embeddable":true,"href":"https:\/\/airlabstudio.cc\/index.php\/wp-json\/wp\/v2\/product_brand?post=76"},{"taxonomy":"product_cat","embeddable":true,"href":"https:\/\/airlabstudio.cc\/index.php\/wp-json\/wp\/v2\/product_cat?post=76"},{"taxonomy":"product_tag","embeddable":true,"href":"https:\/\/airlabstudio.cc\/index.php\/wp-json\/wp\/v2\/product_tag?post=76"}],"curies":[{"name":"wp","href":"https:\/\/api.w.org\/{rel}","templated":true}]}}