{"id":124,"date":"2026-03-04T09:44:52","date_gmt":"2026-03-04T09:44:52","guid":{"rendered":"https:\/\/airlabstudio.cc\/?post_type=product&#038;p=124"},"modified":"2026-04-13T08:21:34","modified_gmt":"2026-04-13T08:21:34","slug":"airlab-mikrofaser-tucher-fur-auto-wasche-trocknung-extra-gros-super-saugfahig-reinigungstucher-auto-detailing-autoaufrustung-ultraweich-lint-free-streak-free-90-x-60-cm-pack-1-graub-blau-600-gsm","status":"publish","type":"product","link":"https:\/\/airlabstudio.cc\/index.php\/product\/airlab-mikrofaser-tucher-fur-auto-wasche-trocknung-extra-gros-super-saugfahig-reinigungstucher-auto-detailing-autoaufrustung-ultraweich-lint-free-streak-free-90-x-60-cm-pack-1-graub-blau-600-gsm\/","title":{"rendered":"Airlab 90&#215;60 cm Trockentuch Dusche Bad Auto, Saugstarkes Auto Trockentuch XXL, Duschkabinen Tuch, Fast Dry Trockent\u00fccher Bad Reinigungstuch Glas Poliertuch, Fusselfrei &#038; Kratzfrei"},"content":{"rendered":"<div data-lark-html-role=\"root\">\n<ul class=\"richTextDocs-unOrderList richTextDocs-unOrderList-disc\" data-eleid=\"6\">\n<li class=\"richTextDocs-listItem\" data-eleid=\"7\">\n<div class=\"richTextDocs-listItem__text\"><span class=\"text-only\" data-eleid=\"8\">DRYING MASTER: Airlab Trockentuch f\u00fcr Dusche Bad beeindruckt durch seine exzellente Saugf\u00e4higkeit. Dieses Fast Dry Trockentuch ist sehr flauschig und bietet nicht nur ein kuscheliges Gef\u00fchl auf der Haut, sondern erzielt auch einen schnellen Trocknungseffekt in kurzer Zeit. Es macht nasse Fl\u00e4chen sofort wieder trocken und gl\u00e4nzend, ohne Fusseln oder Kratzer zu hinterlassen<\/span><\/div>\n<\/li>\n<li class=\"richTextDocs-listItem\" data-eleid=\"9\">\n<div class=\"richTextDocs-listItem__text\"><span class=\"text-only\" data-eleid=\"10\">TOP QUALIT\u00c4T: Mit der innovativen 2 in 1 Twisted-Mikrofaser-Technologie haben diese hochwertigen Mikrofasert\u00fccher eine deutlich unterschiedliche Struktur auf beiden Seiten: eine kurze Mesh-Seite zum Reinigen und eine lange Twisted-Mikrofaser-Seite zum Trocknen. Dies erm\u00f6glicht ein gleichzeitiges Reinigen und Trocknen<\/span><\/div>\n<\/li>\n<li class=\"richTextDocs-listItem\" data-eleid=\"11\">\n<div class=\"richTextDocs-listItem__text\"><span class=\"text-only\" data-eleid=\"12\">WIEDERVERWENDBAR: Unser saugstarkes Trockentuch ist an den R\u00e4ndern mit stabilen N\u00e4hten gefertigt, die es rei\u00dffest machen. Diese hervorragenden Bad Reinigungst\u00fccher unterst\u00fctzen die Maschinenw\u00e4sche, was ihre Nachhaltigkeit und Effizienz nach hunderten Wiederverwendungen unter Beweis stellt<\/span><\/div>\n<\/li>\n<li class=\"richTextDocs-listItem\" data-eleid=\"13\">\n<div class=\"richTextDocs-listItem__text\"><span class=\"text-only\" data-eleid=\"14\">FLEXIBLE VERWENDUNG: Die erstklassigen Glas Poliert\u00fccher k\u00f6nnen in zahlreichen Situationen eingesetzt werden: Egal ob zum Trocknen von Auto, Dusche, Bad, Haushalt oder zum Polieren von Glas, Spiegeln, Fliesen, die Airlab Premium Trockent\u00fccher sind die optimale Wahl, um Ihre Reinigungsbed\u00fcrfnisse vollst\u00e4ndig zu erf\u00fcllen<\/span><\/div>\n<\/li>\n<li class=\"richTextDocs-listItem\" data-eleid=\"15\">\n<div class=\"richTextDocs-listItem__text\"><span class=\"text-only\" data-eleid=\"16\">LIEFERUNG &amp; KUNDENDIENST: Airlab Fast Dry Trockentuch XXL mit blauem Rand, Ma\u00dfe: ca. 90 x 60 cm. Wenn Sie mit dem Produkt aus irgendeinem Grund nicht zufrieden sind, leisten wir Ihnen unverz\u00fcglich Ersatz! Denn Ihre Zufriedenheit ist unser Antrieb<\/span><\/div>\n<\/li>\n<\/ul>\n<div data-lark-html-role=\"root\"><span class=\"text-only\">Auto &amp; Motorrad\u203aReinigung &amp; Pflege\u203aAu\u00dfenpflege\u203aAutowaschausr\u00fcstung\u203aSchw\u00e4mme, T\u00fccher &amp; B\u00fcrsten\u203aT\u00fccher\u203aMikrofaser<\/span><\/div>\n<\/div>\n","protected":false},"excerpt":{"rendered":"<p><img loading=\"lazy\" decoding=\"async\" class=\"alignnone size-medium wp-image-131\" src=\"https:\/\/airlabstudio.cc\/wp-content\/uploads\/2026\/03\/A\u622a\u5c4f-180x300.jpg\" alt=\"\" width=\"180\" height=\"300\" srcset=\"https:\/\/airlabstudio.cc\/wp-content\/uploads\/2026\/03\/A\u622a\u5c4f-180x300.jpg 180w, https:\/\/airlabstudio.cc\/wp-content\/uploads\/2026\/03\/A\u622a\u5c4f-615x1024.jpg 615w, https:\/\/airlabstudio.cc\/wp-content\/uploads\/2026\/03\/A\u622a\u5c4f-768x1278.jpg 768w, https:\/\/airlabstudio.cc\/wp-content\/uploads\/2026\/03\/A\u622a\u5c4f-923x1536.jpg 923w, https:\/\/airlabstudio.cc\/wp-content\/uploads\/2026\/03\/A\u622a\u5c4f-600x999.jpg 600w, https:\/\/airlabstudio.cc\/wp-content\/uploads\/2026\/03\/A\u622a\u5c4f.jpg 1019w\" sizes=\"auto, (max-width: 180px) 100vw, 180px\" \/><\/p>\n","protected":false},"featured_media":125,"comment_status":"open","ping_status":"closed","template":"","meta":[],"product_brand":[20],"product_cat":[18],"product_tag":[],"class_list":{"0":"post-124","1":"product","2":"type-product","3":"status-publish","4":"has-post-thumbnail","6":"product_brand-airlab","7":"product_cat-cleaning-cloth","9":"first","10":"instock","11":"sale","12":"shipping-taxable","13":"purchasable","14":"product-type-simple"},"_links":{"self":[{"href":"https:\/\/airlabstudio.cc\/index.php\/wp-json\/wp\/v2\/product\/124","targetHints":{"allow":["GET"]}}],"collection":[{"href":"https:\/\/airlabstudio.cc\/index.php\/wp-json\/wp\/v2\/product"}],"about":[{"href":"https:\/\/airlabstudio.cc\/index.php\/wp-json\/wp\/v2\/types\/product"}],"replies":[{"embeddable":true,"href":"https:\/\/airlabstudio.cc\/index.php\/wp-json\/wp\/v2\/comments?post=124"}],"wp:featuredmedia":[{"embeddable":true,"href":"https:\/\/airlabstudio.cc\/index.php\/wp-json\/wp\/v2\/media\/125"}],"wp:attachment":[{"href":"https:\/\/airlabstudio.cc\/index.php\/wp-json\/wp\/v2\/media?parent=124"}],"wp:term":[{"taxonomy":"product_brand","embeddable":true,"href":"https:\/\/airlabstudio.cc\/index.php\/wp-json\/wp\/v2\/product_brand?post=124"},{"taxonomy":"product_cat","embeddable":true,"href":"https:\/\/airlabstudio.cc\/index.php\/wp-json\/wp\/v2\/product_cat?post=124"},{"taxonomy":"product_tag","embeddable":true,"href":"https:\/\/airlabstudio.cc\/index.php\/wp-json\/wp\/v2\/product_tag?post=124"}],"curies":[{"name":"wp","href":"https:\/\/api.w.org\/{rel}","templated":true}]}}